{"id":3820,"date":"2021-04-04T22:21:27","date_gmt":"2021-04-04T20:21:27","guid":{"rendered":"https:\/\/essentials.pixfort.com\/company-elementor\/?page_id=3820"},"modified":"2023-11-09T12:00:57","modified_gmt":"2023-11-09T11:00:57","slug":"kinalat","status":"publish","type":"page","link":"https:\/\/twinpigs.hu\/en\/kinalat\/","title":{"rendered":"Offers"},"content":{"rendered":"<div data-elementor-type=\"wp-page\" data-elementor-id=\"3820\" class=\"elementor elementor-3820\">\n\t\t\t\t\t\t<section class=\"elementor-section elementor-top-section elementor-element elementor-element-75a5d8d bg-gradient-primary-light elementor-section-boxed elementor-section-height-default elementor-section-height-default\" data-id=\"75a5d8d\" data-element_type=\"section\">\n\t\t\t\t\t\t<div class=\"elementor-container elementor-column-gap-default\">\n\t\t\t\t\t<div class=\"elementor-column elementor-col-50 elementor-top-column elementor-element elementor-element-d0869f5\" data-id=\"d0869f5\" data-element_type=\"column\">\n\t\t\t<div class=\"elementor-widget-wrap elementor-element-populated\">\n\t\t\t\t\t\t<div class=\"elementor-element elementor-element-05e6674 elementor-widget elementor-widget-pix-highlighted-text\" data-id=\"05e6674\" data-element_type=\"widget\" data-widget_type=\"pix-highlighted-text.default\">\n\t\t\t\t<div class=\"elementor-widget-container\">\n\t\t\t\t\t<div id=\"el-05e6674\" class=\"pix-highlighted-element text-left\"><h2 class=\"pix-highlighted-items\" style=\"\" data-anim-type=\"\" data-anim-delay=\"\"><span id=\"el-05e6674-0\"  class=\"elementor-repeater-item-d38df35\"><span   class=\"pix-highlighted-text  pix-highlight-item font-weight-normal  heading-font text-heading-default\">Products and <\/span><\/span><span id=\"el-05e6674-1\" class=\"pix-highlight-bg   elementor-repeater-item-b2f5606 el-05e6674-1 animate-in\" data-anim-type=\"highlight-grow\" data-anim-delay=\"200\"><span   class=\"pix-highlighted-text pix-highlight-item font-weight-normal  font-weight-bold heading-font text-heading-default\">Services<\/span><\/span><\/h2><\/div>\t\t\t\t<\/div>\n\t\t\t\t<\/div>\n\t\t\t\t<div class=\"elementor-element elementor-element-b8efb6d elementor-widget elementor-widget-pix-text\" data-id=\"b8efb6d\" data-element_type=\"widget\" data-widget_type=\"pix-text.default\">\n\t\t\t\t<div class=\"elementor-widget-container\">\n\t\t\t\t\t<div class=\"pix-el-text w-100 text-left\" ><p class=\"text-20 resp-option text-dark-opacity-5 text-left\" >Take a look at our offers and get in touch with us for orders or further information!<\/p><\/div>\t\t\t\t<\/div>\n\t\t\t\t<\/div>\n\t\t\t\t<div class=\"elementor-element elementor-element-7210768 elementor-widget elementor-widget-pix-text\" data-id=\"7210768\" data-element_type=\"widget\" data-widget_type=\"pix-text.default\">\n\t\t\t\t<div class=\"elementor-widget-container\">\n\t\t\t\t\t<div class=\"pix-el-text w-100 text-left\" ><p class=\"resp-option text-dark-opacity-5 text-left font-weight-bold\" >Our task is to support the efficient operation of the supply chain.<\/p><\/div>\t\t\t\t<\/div>\n\t\t\t\t<\/div>\n\t\t\t\t\t<\/div>\n\t\t<\/div>\n\t\t\t\t<div class=\"elementor-column elementor-col-50 elementor-top-column elementor-element elementor-element-8f48210\" data-id=\"8f48210\" data-element_type=\"column\">\n\t\t\t<div class=\"elementor-widget-wrap elementor-element-populated\">\n\t\t\t\t\t\t<div class=\"elementor-element elementor-element-4f3c8e6 elementor-widget elementor-widget-video\" data-id=\"4f3c8e6\" data-element_type=\"widget\" data-settings=\"{&quot;video_type&quot;:&quot;hosted&quot;,&quot;autoplay&quot;:&quot;yes&quot;,&quot;play_on_mobile&quot;:&quot;yes&quot;,&quot;mute&quot;:&quot;yes&quot;,&quot;loop&quot;:&quot;yes&quot;}\" data-widget_type=\"video.default\">\n\t\t\t\t<div class=\"elementor-widget-container\">\n\t\t\t\t\t\t\t<div class=\"e-hosted-video elementor-wrapper elementor-open-inline\">\n\t\t\t\t\t<video class=\"elementor-video\" src=\"https:\/\/twinpigs.hu\/wp-content\/uploads\/disznok-3a.mp4\" autoplay=\"\" loop=\"\" muted=\"muted\" playsinline=\"\" controlslist=\"nodownload\"><\/video>\n\t\t\t\t<\/div>\n\t\t\t\t\t\t<\/div>\n\t\t\t\t<\/div>\n\t\t\t\t\t<\/div>\n\t\t<\/div>\n\t\t\t\t\t<\/div>\n\t\t<\/section>\n\t\t\t\t<section class=\"elementor-section elementor-top-section elementor-element elementor-element-d03dca3 elementor-section-full_width elementor-section-height-default elementor-section-height-default\" data-id=\"d03dca3\" data-element_type=\"section\">\n\t\t\t\t\t\t<div class=\"elementor-container elementor-column-gap-no\">\n\t\t\t\t\t<div class=\"elementor-column elementor-col-100 elementor-top-column elementor-element elementor-element-e4bbebb\" data-id=\"e4bbebb\" data-element_type=\"column\">\n\t\t\t<div class=\"elementor-widget-wrap elementor-element-populated\">\n\t\t\t\t\t\t<div class=\"elementor-element elementor-element-ae2cd53 elementor-widget elementor-widget-pix-dividers\" data-id=\"ae2cd53\" data-element_type=\"widget\" data-widget_type=\"pix-dividers.default\">\n\t\t\t\t<div class=\"elementor-widget-container\">\n\t\t\t\t\t<div class=\"pix-divider  position-relative pix-bottom-divider\" data-style=\"style-8\" ><svg xmlns=\"http:\/\/www.w3.org\/2000\/svg\" width=\"100%\" height=\"300px\" viewbox=\"0 0 1200 366\" preserveaspectratio=\"none\"><polygon class=\"pix-divider-layer-3\" fill=\"url(#divider-pix-accordion-469422-bottom-overlay-layer-3)\" points=\"0 240 1200 0 1200 366 0 366\" \/><polygon class=\"pix-divider-layer-2\" fill=\"url(#divider-pix-accordion-469422-bottom-overlay-layer-2)\" points=\"0 300 1200 60 1200 366 0 366\"  \/><polygon class=\"pix-divider-layer-1\" fill=\"#ffffff\" points=\"0 360 1200 120 1200 366 0 366\"\/><defs><lineargradient id=\"divider-pix-accordion-469422-bottom-overlay-layer-3\" x1=\"0%\" y1=\"0%\" x2=\"100%\" y2=\"0%\"><stop offset=\"0%\"   stop-color=\"#00000014\"\/><stop offset=\"100%\"   stop-color=\"#FFFFFF03\"\/><\/lineargradient><lineargradient id=\"divider-pix-accordion-469422-bottom-overlay-layer-2\" x1=\"0%\" y1=\"0%\" x2=\"100%\" y2=\"0%\"><stop offset=\"0%\"   stop-color=\"#FFFFFF03\"\/><stop offset=\"100%\"   stop-color=\"#FFFFFF03\"\/><\/lineargradient><\/defs><\/svg><\/div>\t\t\t\t<\/div>\n\t\t\t\t<\/div>\n\t\t\t\t\t<\/div>\n\t\t<\/div>\n\t\t\t\t\t<\/div>\n\t\t<\/section>\n\t\t\t\t<section class=\"elementor-section elementor-top-section elementor-element elementor-element-c72aa54 elementor-section-boxed elementor-section-height-default elementor-section-height-default\" data-id=\"c72aa54\" data-element_type=\"section\" data-settings=\"{&quot;background_background&quot;:&quot;classic&quot;}\">\n\t\t\t\t\t\t<div class=\"elementor-container elementor-column-gap-default\">\n\t\t\t\t\t<div class=\"elementor-column elementor-col-100 elementor-top-column elementor-element elementor-element-5575ef7\" data-id=\"5575ef7\" data-element_type=\"column\">\n\t\t\t<div class=\"elementor-widget-wrap elementor-element-populated\">\n\t\t\t\t\t\t<section class=\"elementor-section elementor-inner-section elementor-element elementor-element-e205c00 elementor-section-boxed elementor-section-height-default elementor-section-height-default\" data-id=\"e205c00\" data-element_type=\"section\">\n\t\t\t\t\t\t<div class=\"elementor-container elementor-column-gap-default\">\n\t\t\t\t\t<div class=\"elementor-column elementor-col-33 elementor-inner-column elementor-element elementor-element-bbd8444\" data-id=\"bbd8444\" data-element_type=\"column\">\n\t\t\t<div class=\"elementor-widget-wrap elementor-element-populated\">\n\t\t\t\t\t\t<div class=\"elementor-element elementor-element-0cadd42 elementor-invisible elementor-widget elementor-widget-pix-card\" data-id=\"0cadd42\" data-element_type=\"widget\" data-settings=\"{&quot;_animation&quot;:&quot;fadeInRight&quot;}\" data-widget_type=\"pix-card.default\">\n\t\t\t\t<div class=\"elementor-widget-container\">\n\t\t\t\t\t<a  rel=\"nofollow\" href=\"https:\/\/twinpigs.hu\/en\/kapcsolat\/\" class=\"fly\"><div class=\"card    rounded-lg  overflow-hidden shadow-sm shadow-hover fly-sm animate-in\" data-anim-delay=\"100\" data-anim-type=\"fade-in-up\"><img decoding=\"async\"   srcset=\"\" src=\"https:\/\/twinpigs.hu\/wp-content\/uploads\/malac-kereskedelem-11.jpg\" alt=\"V\u00e1g\u00f3sert\u00e9s\"><div class=\"pix-card-content bg-white\"><div class=\"card-body\"><div class=\"d-flex justify-content-between align-items-center font-weight-bold text-heading-default\"><h6 style=\"\" class=\"card-title mb-0 font-weight-bold text-heading-default\">Piglet<\/h6><h6 style=\"\" class=\"font-weight-bold text-heading-default\"><svg class=\"pixfort-icon\" width=\"24\" height=\"24\"  data-name=\"Line\/pixfort-icon-arrow-right-2\" viewbox=\"2 2 20 20\"><polyline fill=\"none\" stroke=\"var(--pf-icon-color)\" stroke-linecap=\"round\" stroke-linejoin=\"round\" stroke-width=\"var(--pf-icon-stroke-width)\" points=\"9.5 17 14.5 12 9.5 7\"\/><\/svg><\/h6><\/div><\/div><\/div><\/div><\/a>\t\t\t\t<\/div>\n\t\t\t\t<\/div>\n\t\t\t\t\t<\/div>\n\t\t<\/div>\n\t\t\t\t<div class=\"elementor-column elementor-col-33 elementor-inner-column elementor-element elementor-element-2eb40e2\" data-id=\"2eb40e2\" data-element_type=\"column\">\n\t\t\t<div class=\"elementor-widget-wrap elementor-element-populated\">\n\t\t\t\t\t\t<div class=\"elementor-element elementor-element-8ed482d elementor-invisible elementor-widget elementor-widget-pix-card\" data-id=\"8ed482d\" data-element_type=\"widget\" data-settings=\"{&quot;_animation&quot;:&quot;fadeInRight&quot;}\" data-widget_type=\"pix-card.default\">\n\t\t\t\t<div class=\"elementor-widget-container\">\n\t\t\t\t\t<a  rel=\"nofollow\" href=\"https:\/\/twinpigs.hu\/en\/kapcsolat\/\" class=\"fly\"><div class=\"card    rounded-lg  overflow-hidden shadow-sm shadow-hover fly-sm animate-in\" data-anim-delay=\"100\" data-anim-type=\"fade-in-up\"><img decoding=\"async\"   srcset=\"\" src=\"https:\/\/twinpigs.hu\/wp-content\/uploads\/malac-kereskedelem-9.jpg\" alt=\"Malac\"><div class=\"pix-card-content bg-white\"><div class=\"card-body\"><div class=\"d-flex justify-content-between align-items-center font-weight-bold text-heading-default\"><h6 style=\"\" class=\"card-title mb-0 font-weight-bold text-heading-default\">Slaughter pig<\/h6><h6 style=\"\" class=\"font-weight-bold text-heading-default\"><svg class=\"pixfort-icon\" width=\"24\" height=\"24\"  data-name=\"Line\/pixfort-icon-arrow-right-2\" viewbox=\"2 2 20 20\"><polyline fill=\"none\" stroke=\"var(--pf-icon-color)\" stroke-linecap=\"round\" stroke-linejoin=\"round\" stroke-width=\"var(--pf-icon-stroke-width)\" points=\"9.5 17 14.5 12 9.5 7\"\/><\/svg><\/h6><\/div><\/div><\/div><\/div><\/a>\t\t\t\t<\/div>\n\t\t\t\t<\/div>\n\t\t\t\t\t<\/div>\n\t\t<\/div>\n\t\t\t\t<div class=\"elementor-column elementor-col-33 elementor-inner-column elementor-element elementor-element-b65b52f\" data-id=\"b65b52f\" data-element_type=\"column\">\n\t\t\t<div class=\"elementor-widget-wrap elementor-element-populated\">\n\t\t\t\t\t\t<div class=\"elementor-element elementor-element-f324881 elementor-invisible elementor-widget elementor-widget-pix-card\" data-id=\"f324881\" data-element_type=\"widget\" data-settings=\"{&quot;_animation&quot;:&quot;fadeInRight&quot;}\" data-widget_type=\"pix-card.default\">\n\t\t\t\t<div class=\"elementor-widget-container\">\n\t\t\t\t\t<a  rel=\"nofollow\" href=\"https:\/\/twinpigs.hu\/en\/kapcsolat\/\" class=\"fly\"><div class=\"card    rounded-lg  overflow-hidden shadow-sm shadow-hover fly-sm animate-in\" data-anim-delay=\"100\" data-anim-type=\"fade-in-up\"><img decoding=\"async\"   srcset=\"\" src=\"https:\/\/twinpigs.hu\/wp-content\/uploads\/koca.jpg\" alt=\"Koca\"><div class=\"pix-card-content bg-white\"><div class=\"card-body\"><div class=\"d-flex justify-content-between align-items-center font-weight-bold text-heading-default\"><h6 style=\"\" class=\"card-title mb-0 font-weight-bold text-heading-default\">Sow<\/h6><h6 style=\"\" class=\"font-weight-bold text-heading-default\"><svg class=\"pixfort-icon\" width=\"24\" height=\"24\"  data-name=\"Line\/pixfort-icon-arrow-right-2\" viewbox=\"2 2 20 20\"><polyline fill=\"none\" stroke=\"var(--pf-icon-color)\" stroke-linecap=\"round\" stroke-linejoin=\"round\" stroke-width=\"var(--pf-icon-stroke-width)\" points=\"9.5 17 14.5 12 9.5 7\"\/><\/svg><\/h6><\/div><\/div><\/div><\/div><\/a>\t\t\t\t<\/div>\n\t\t\t\t<\/div>\n\t\t\t\t\t<\/div>\n\t\t<\/div>\n\t\t\t\t\t<\/div>\n\t\t<\/section>\n\t\t\t\t\t<\/div>\n\t\t<\/div>\n\t\t\t\t\t<\/div>\n\t\t<\/section>\n\t\t\t\t<section class=\"elementor-section elementor-top-section elementor-element elementor-element-aae7e46 elementor-section-boxed elementor-section-height-default elementor-section-height-default\" data-id=\"aae7e46\" data-element_type=\"section\">\n\t\t\t\t\t\t<div class=\"elementor-container elementor-column-gap-default\">\n\t\t\t\t\t<div class=\"elementor-column elementor-col-50 elementor-top-column elementor-element elementor-element-a05402d\" data-id=\"a05402d\" data-element_type=\"column\">\n\t\t\t<div class=\"elementor-widget-wrap elementor-element-populated\">\n\t\t\t\t\t\t<div class=\"elementor-element elementor-element-9acb451 elementor-widget elementor-widget-pix-feature\" data-id=\"9acb451\" data-element_type=\"widget\" data-widget_type=\"pix-feature.default\">\n\t\t\t\t<div class=\"elementor-widget-container\">\n\t\t\t\t\t<div id=\"pix-feature-9acb451\" class=\"pix-feature-el media\"><div class=\"pix-feature-icon pix-feature-icon-outer mr-3 mw-100 d-flex text-secondary\"   style=\"font-size:1px;width:1px;aspect-ratio:1\/1 !important;position:relative;line-height:1px;text-align:center;\"><svg class=\"pixfort-icon\" width=\"24\" height=\"24\"  data-name=\"Line\/pixfort-icon-full-screen-3\" viewbox=\"2 2 20 20\"><path fill=\"none\" stroke=\"var(--pf-icon-color)\" stroke-linecap=\"round\" stroke-linejoin=\"round\" stroke-width=\"var(--pf-icon-stroke-width)\" d=\"M20,4 L4,20 M8,21 L3,21 L3,16 M16,3 L21,3 L21,8\"\/><\/svg><\/div><div class=\"media-body text-custom\"><h6 class=\"pix-feature-title font-weight-bold   text-heading-default\" style=\"padding-top:8px;\"  >Wide range of offers<\/h6><div class=\"pix-feature-content text-body-default\" style=\"padding-top:10px;\"  ><\/div><\/div><\/div>\t\t\t\t<\/div>\n\t\t\t\t<\/div>\n\t\t\t\t<div class=\"elementor-element elementor-element-fa01d38 elementor-widget elementor-widget-pix-highlighted-text\" data-id=\"fa01d38\" data-element_type=\"widget\" data-widget_type=\"pix-highlighted-text.default\">\n\t\t\t\t<div class=\"elementor-widget-container\">\n\t\t\t\t\t<div id=\"el-fa01d38\" class=\"pix-highlighted-element text-left\"><h5 class=\"pix-highlighted-items\" style=\"\" data-anim-type=\"\" data-anim-delay=\"\"><span id=\"el-fa01d38-0\"  class=\"elementor-repeater-item-482f712\"><span   class=\"pix-highlighted-text  pix-highlight-item font-weight-normal  heading-font text-heading-default\">Our company offers a wide range of <\/span><\/span><span id=\"el-fa01d38-1\" class=\"pix-highlight-bg   elementor-repeater-item-a025262 el-fa01d38-1 animate-in\" data-anim-type=\"highlight-grow\" data-anim-delay=\"200\"><span   class=\"pix-highlighted-text pix-highlight-item font-weight-normal  font-weight-bold heading-font text-heading-default\">slaughter pigs, piglets, and sows <\/span><\/span><span id=\"el-fa01d38-2\"  class=\"elementor-repeater-item-ec42d60\"><span   class=\"pix-highlighted-text  pix-highlight-item font-weight-normal  heading-font text-heading-default\"> to agricultural and food industry professionals.<\/span><\/span><\/h5><\/div>\t\t\t\t<\/div>\n\t\t\t\t<\/div>\n\t\t\t\t<div class=\"elementor-element elementor-element-cd947b5 elementor-widget elementor-widget-pix-text\" data-id=\"cd947b5\" data-element_type=\"widget\" data-widget_type=\"pix-text.default\">\n\t\t\t\t<div class=\"elementor-widget-container\">\n\t\t\t\t\t<div class=\"pix-el-text w-100 text-left\" ><p class=\"text-20 resp-option text-dark-opacity-5 text-left\" >Our experience and commitment guarantee that we provide you with the best performance. Our range perfectly caters to various customer needs and market trends, whether it's a small or large quantity.<\/p><\/div>\t\t\t\t<\/div>\n\t\t\t\t<\/div>\n\t\t\t\t\t<\/div>\n\t\t<\/div>\n\t\t\t\t<div class=\"elementor-column elementor-col-50 elementor-top-column elementor-element elementor-element-1bbb60e\" data-id=\"1bbb60e\" data-element_type=\"column\">\n\t\t\t<div class=\"elementor-widget-wrap elementor-element-populated\">\n\t\t\t\t\t\t<div class=\"elementor-element elementor-element-b573521 elementor-widget elementor-widget-pix-feature\" data-id=\"b573521\" data-element_type=\"widget\" data-widget_type=\"pix-feature.default\">\n\t\t\t\t<div class=\"elementor-widget-container\">\n\t\t\t\t\t<div id=\"b573521\" class=\"pix-feature-el media\"><div class=\"pix-feature-icon pix-feature-icon-outer mr-3 mw-100 d-flex text-secondary\"   style=\"font-size:1px;width:1px;aspect-ratio:1\/1 !important;position:relative;line-height:1px;text-align:center;\"><svg class=\"pixfort-icon\" width=\"24\" height=\"24\"  data-name=\"Line\/pixfort-icon-medal-1\" viewbox=\"2 2 20 20\"><path fill=\"none\" stroke=\"var(--pf-icon-color)\" stroke-linecap=\"round\" stroke-linejoin=\"round\" stroke-width=\"var(--pf-icon-stroke-width)\" d=\"M12,15 C15.3137085,15 18,12.3137085 18,9 C18,5.6862915 15.3137085,3 12,3 C8.6862915,3 6,5.6862915 6,9 C6,12.3137085 8.6862915,15 12,15 Z M6.99557028,12.358731 L6.99557028,19.2212227 C6.99557028,20.1843032 7.77630132,20.9650342 8.73938186,20.9650342 C9.00202723,20.9650342 9.26127999,20.9057059 9.49778514,20.7914785 L11.1299276,20.0031852 C11.6795833,19.737712 12.3203818,19.7377841 12.8699778,20.0033809 L14.5007777,20.7914785 C15.3672913,21.2102284 16.4092033,20.8472441 16.8279532,19.9807305 C16.9422097,19.744301 17.0015554,19.4851066 17.0015554,19.2225167 L17.0015554,12.358731 L17.0015554,12.358731\"\/><\/svg><\/div><div class=\"media-body text-custom\"><h6 class=\"pix-feature-title font-weight-bold   text-heading-default\" style=\"padding-top:8px;\"  >Quality Control<\/h6><div class=\"pix-feature-content text-body-default\" style=\"padding-top:10px;\"  ><\/div><\/div><\/div>\t\t\t\t<\/div>\n\t\t\t\t<\/div>\n\t\t\t\t<div class=\"elementor-element elementor-element-6b627f8 elementor-widget elementor-widget-pix-highlighted-text\" data-id=\"6b627f8\" data-element_type=\"widget\" data-widget_type=\"pix-highlighted-text.default\">\n\t\t\t\t<div class=\"elementor-widget-container\">\n\t\t\t\t\t<div id=\"el-6b627f8\" class=\"pix-highlighted-element text-left\"><h5 class=\"pix-highlighted-items\" style=\"\" data-anim-type=\"\" data-anim-delay=\"\"><span id=\"el-6b627f8-0\"  class=\"elementor-repeater-item-482f712\"><span   class=\"pix-highlighted-text  pix-highlight-item font-weight-normal  heading-font text-heading-default\">Our piglets and slaughter pigs grow with <\/span><\/span><span id=\"el-6b627f8-1\" class=\"pix-highlight-bg   elementor-repeater-item-a025262 el-6b627f8-1 animate-in\" data-anim-type=\"highlight-grow\" data-anim-delay=\"200\"><span   class=\"pix-highlighted-text pix-highlight-item font-weight-normal  font-weight-bold heading-font text-heading-default\">controlled<\/span><\/span><span id=\"el-6b627f8-2\"  class=\"elementor-repeater-item-ec42d60\"><span   class=\"pix-highlighted-text  pix-highlight-item font-weight-normal  heading-font text-heading-default\"> feed and care.<\/span><\/span><\/h5><\/div>\t\t\t\t<\/div>\n\t\t\t\t<\/div>\n\t\t\t\t<div class=\"elementor-element elementor-element-21bad9f elementor-widget elementor-widget-pix-text\" data-id=\"21bad9f\" data-element_type=\"widget\" data-widget_type=\"pix-text.default\">\n\t\t\t\t<div class=\"elementor-widget-container\">\n\t\t\t\t\t<div class=\"pix-el-text w-100 text-left\" ><p class=\"text-20 resp-option text-dark-opacity-5 text-left\" >The prescribed quality control ensures that every animal complies with current animal health and food safety standards. Of course we collaborate with farm veterinarians and nutrition consultants supplying the farms. The piglets and slaughter pigs are well-prepared and healthy, ready to reach the customers.<\/p><\/div>\t\t\t\t<\/div>\n\t\t\t\t<\/div>\n\t\t\t\t\t<\/div>\n\t\t<\/div>\n\t\t\t\t\t<\/div>\n\t\t<\/section>\n\t\t\t\t<section class=\"elementor-section elementor-top-section elementor-element elementor-element-738eb35 elementor-section-boxed elementor-section-height-default elementor-section-height-default\" data-id=\"738eb35\" data-element_type=\"section\">\n\t\t\t\t\t\t<div class=\"elementor-container elementor-column-gap-default\">\n\t\t\t\t\t<div class=\"elementor-column elementor-col-100 elementor-top-column elementor-element elementor-element-4e36818\" data-id=\"4e36818\" data-element_type=\"column\">\n\t\t\t<div class=\"elementor-widget-wrap elementor-element-populated\">\n\t\t\t\t\t\t<div class=\"elementor-element elementor-element-994b094 elementor-widget elementor-widget-pix-feature\" data-id=\"994b094\" data-element_type=\"widget\" data-widget_type=\"pix-feature.default\">\n\t\t\t\t<div class=\"elementor-widget-container\">\n\t\t\t\t\t<div id=\"pix-feature-994b094\" class=\"pix-feature-el media\"><div class=\"pix-feature-icon pix-feature-icon-outer mr-3 mw-100 d-flex text-secondary\"   style=\"font-size:1px;width:1px;aspect-ratio:1\/1 !important;position:relative;line-height:1px;text-align:center;\"><svg class=\"pixfort-icon\" width=\"24\" height=\"24\"  data-name=\"Line\/pixfort-icon-credit-cards-1\" viewbox=\"2 2 20 20\"><path fill=\"none\" stroke=\"var(--pf-icon-color)\" stroke-linecap=\"round\" stroke-linejoin=\"round\" stroke-width=\"var(--pf-icon-stroke-width)\" d=\"M5,9 L16,9 C17.1045695,9 18,9.8954305 18,11 L18,19 C18,20.1045695 17.1045695,21 16,21 L5,21 C3.8954305,21 3,20.1045695 3,19 L3,11 C3,9.8954305 3.8954305,9 5,9 Z M3,13 L18,13 M6,17 L9,17 M14,17 L15,17 M4.96286043,8.99524111 L4.96286043,8.99524111 L4.78403736,8.32786431 C4.49815373,7.26093211 5.13131871,6.16425819 6.19825092,5.87837457 L16.5014597,3.11763809 C17.5683919,2.83175447 18.6650659,3.46491945 18.9509495,4.53185165 L20.7626828,11.2933324 C21.0485664,12.3602646 20.4154014,13.4569386 19.3484692,13.7428222 L18.0251458,14.0974056 L18.0251458,14.0974056 M9.84797459,8.97855726 L19.4210355,6.41346331\"\/><\/svg><\/div><div class=\"media-body text-custom\"><h6 class=\"pix-feature-title font-weight-bold   text-heading-default\" style=\"padding-top:8px;\"  >Purchase and Sales<\/h6><div class=\"pix-feature-content text-body-default\" style=\"padding-top:10px;\"  ><\/div><\/div><\/div>\t\t\t\t<\/div>\n\t\t\t\t<\/div>\n\t\t\t\t<div class=\"elementor-element elementor-element-b2fe563 elementor-widget elementor-widget-pix-text\" data-id=\"b2fe563\" data-element_type=\"widget\" data-widget_type=\"pix-text.default\">\n\t\t\t\t<div class=\"elementor-widget-container\">\n\t\t\t\t\t<div class=\"pix-el-text w-100 text-left\" ><p class=\"text-20 resp-option text-dark-opacity-5 text-left\" >Our company conducts the purchase and sales of piglets, slaughter pigs, and sows on a European level. Transparency and our dedication guarantee the authenticity of business transactions.<\/p><\/div>\t\t\t\t<\/div>\n\t\t\t\t<\/div>\n\t\t\t\t<div class=\"elementor-element elementor-element-346a5bc elementor-widget elementor-widget-pix-highlighted-text\" data-id=\"346a5bc\" data-element_type=\"widget\" data-widget_type=\"pix-highlighted-text.default\">\n\t\t\t\t<div class=\"elementor-widget-container\">\n\t\t\t\t\t<div id=\"el-346a5bc\" class=\"pix-highlighted-element text-left\"><h5 class=\"pix-highlighted-items\" style=\"\" data-anim-type=\"\" data-anim-delay=\"\"><span id=\"el-346a5bc-0\"  class=\"elementor-repeater-item-482f712\"><span   class=\"pix-highlighted-text  pix-highlight-item font-weight-normal  heading-font text-heading-default\">Purchasing, selling, brokering, exporting, shipping: <\/span><\/span><span id=\"el-346a5bc-1\" class=\"pix-highlight-bg   elementor-repeater-item-a025262 el-346a5bc-1 animate-in\" data-anim-type=\"highlight-grow\" data-anim-delay=\"200\"><span   class=\"pix-highlighted-text pix-highlight-item font-weight-normal  font-weight-bold heading-font text-heading-default\">we handle it all!<\/span><\/span><\/h5><\/div>\t\t\t\t<\/div>\n\t\t\t\t<\/div>\n\t\t\t\t\t<\/div>\n\t\t<\/div>\n\t\t\t\t\t<\/div>\n\t\t<\/section>\n\t\t\t\t<section class=\"elementor-section elementor-top-section elementor-element elementor-element-d428e5c elementor-section-boxed elementor-section-height-default elementor-section-height-default\" data-id=\"d428e5c\" data-element_type=\"section\" data-settings=\"{&quot;background_background&quot;:&quot;classic&quot;}\">\n\t\t\t\t\t\t\t<div class=\"elementor-background-overlay\"><\/div>\n\t\t\t\t\t\t\t<div class=\"elementor-container elementor-column-gap-default\">\n\t\t\t\t\t<div class=\"elementor-column elementor-col-100 elementor-top-column elementor-element elementor-element-a73566f\" data-id=\"a73566f\" data-element_type=\"column\">\n\t\t\t<div class=\"elementor-widget-wrap elementor-element-populated\">\n\t\t\t\t\t\t<div class=\"elementor-element elementor-element-260da23 elementor-widget elementor-widget-pix-text\" data-id=\"260da23\" data-element_type=\"widget\" data-widget_type=\"pix-text.default\">\n\t\t\t\t<div class=\"elementor-widget-container\">\n\t\t\t\t\t<div class=\"pix-el-text w-100 text-left\" ><p class=\"text-24 resp-option text-white text-left\" >If you are a farmer or a food industry business, <br><b>you will find a reliable partner in us<\/b> <br>for the procurement or sale of animals.<\/p><\/div>\t\t\t\t<\/div>\n\t\t\t\t<\/div>\n\t\t\t\t\t<\/div>\n\t\t<\/div>\n\t\t\t\t\t<\/div>\n\t\t<\/section>\n\t\t\t\t<\/div>","protected":false},"excerpt":{"rendered":"<p>Term\u00e9keink \u00e9s Szolg\u00e1ltat\u00e1saink Tekintse meg k\u00edn\u00e1latunkat, \u00e9s vegye fel vel\u00fcnk a kapcsolatot megrendel\u00e9ssel kapcsolatosan vagy tov\u00e1bbi inform\u00e1ci\u00f3\u00e9rt! Feladatunk az ell\u00e1t\u00e1si l\u00e1nc hat\u00e9kony m\u0171k\u00f6d\u00e9s\u00e9nek seg\u00edt\u00e9se. https:\/\/twinpigs.hu\/wp-content\/uploads\/disznok-3a.mp4 V\u00e1g\u00f3sert\u00e9s Malac Koca &nbsp; Sz\u00e9les k\u00edn\u00e1lati sk\u00e1la C\u00e9g\u00fcnk v\u00e1g\u00f3sert\u00e9sek, malacok, koc\u00e1k sz\u00e9les v\u00e1laszt\u00e9k\u00e1t k\u00edn\u00e1lja a&#8230;<\/p>","protected":false},"author":1,"featured_media":4364,"parent":0,"menu_order":0,"comment_status":"closed","ping_status":"closed","template":"","meta":{"_seopress_robots_primary_cat":"","_seopress_titles_title":"","_seopress_titles_desc":"","_seopress_robots_index":"","footnotes":""},"class_list":["post-3820","page","type-page","status-publish","has-post-thumbnail","hentry"],"_links":{"self":[{"href":"https:\/\/twinpigs.hu\/en\/wp-json\/wp\/v2\/pages\/3820","targetHints":{"allow":["GET"]}}],"collection":[{"href":"https:\/\/twinpigs.hu\/en\/wp-json\/wp\/v2\/pages"}],"about":[{"href":"https:\/\/twinpigs.hu\/en\/wp-json\/wp\/v2\/types\/page"}],"author":[{"embeddable":true,"href":"https:\/\/twinpigs.hu\/en\/wp-json\/wp\/v2\/users\/1"}],"replies":[{"embeddable":true,"href":"https:\/\/twinpigs.hu\/en\/wp-json\/wp\/v2\/comments?post=3820"}],"version-history":[{"count":0,"href":"https:\/\/twinpigs.hu\/en\/wp-json\/wp\/v2\/pages\/3820\/revisions"}],"wp:featuredmedia":[{"embeddable":true,"href":"https:\/\/twinpigs.hu\/en\/wp-json\/wp\/v2\/media\/4364"}],"wp:attachment":[{"href":"https:\/\/twinpigs.hu\/en\/wp-json\/wp\/v2\/media?parent=3820"}],"curies":[{"name":"wp","href":"https:\/\/api.w.org\/{rel}","templated":true}]}}