{"id":4222,"date":"2021-04-10T22:48:00","date_gmt":"2021-04-10T20:48:00","guid":{"rendered":"https:\/\/essentials.pixfort.com\/company-elementor\/?page_id=4222"},"modified":"2023-11-09T12:02:27","modified_gmt":"2023-11-09T11:02:27","slug":"rolunk","status":"publish","type":"page","link":"https:\/\/twinpigs.hu\/en\/rolunk\/","title":{"rendered":"About us"},"content":{"rendered":"<div data-elementor-type=\"wp-page\" data-elementor-id=\"4222\" class=\"elementor elementor-4222\">\n\t\t\t\t\t\t<section class=\"elementor-section elementor-top-section elementor-element elementor-element-8f8cbf2 elementor-section-boxed elementor-section-height-default elementor-section-height-default\" data-id=\"8f8cbf2\" data-element_type=\"section\" data-settings=\"{&quot;background_background&quot;:&quot;classic&quot;}\">\n\t\t\t\t\t\t<div class=\"elementor-container elementor-column-gap-default\">\n\t\t\t\t\t<div class=\"elementor-column elementor-col-50 elementor-top-column elementor-element elementor-element-d3c7260\" data-id=\"d3c7260\" data-element_type=\"column\">\n\t\t\t<div class=\"elementor-widget-wrap elementor-element-populated\">\n\t\t\t\t\t\t<div class=\"elementor-element elementor-element-eaf5efd elementor-widget elementor-widget-pix-badge\" data-id=\"eaf5efd\" data-element_type=\"widget\" data-widget_type=\"pix-badge.default\">\n\t\t\t\t<div class=\"elementor-widget-container\">\n\t\t\t\t\t<span class=\"pix-badge-element h6 d-inline-flex mr-1\"  ><span class=\"badge font-weight-bold secondary-font  bg-gray-2  pix-py-10 pix-px-15\" style=\" \"><span class=\"text-secondary\" style=\"\"> About us<\/span><\/span><\/span>\t\t\t\t<\/div>\n\t\t\t\t<\/div>\n\t\t\t\t<div class=\"elementor-element elementor-element-fc7eeb4 elementor-widget elementor-widget-pix-highlighted-text\" data-id=\"fc7eeb4\" data-element_type=\"widget\" data-widget_type=\"pix-highlighted-text.default\">\n\t\t\t\t<div class=\"elementor-widget-container\">\n\t\t\t\t\t<div id=\"el-fc7eeb4\" class=\"pix-highlighted-element text-left\"><h3 class=\"pix-highlighted-items translation-block\" style=\"\" data-anim-type=\"\" data-anim-delay=\"\">TwinPigs Ltd. is a key player in the Hungarian and European trade of piglets and slaughter pigs.<\/h3><\/div>\t\t\t\t<\/div>\n\t\t\t\t<\/div>\n\t\t\t\t<div class=\"elementor-element elementor-element-7ecfeaa elementor-widget elementor-widget-pix-text\" data-id=\"7ecfeaa\" data-element_type=\"widget\" data-widget_type=\"pix-text.default\">\n\t\t\t\t<div class=\"elementor-widget-container\">\n\t\t\t\t\t<div class=\"pix-el-text w-100 text-left\" ><p class=\"text-20 resp-option text-dark-opacity-5 text-left\" >Our goal is to offer high quality products to our customers and maintain long-term business relationships.<\/p><\/div>\t\t\t\t<\/div>\n\t\t\t\t<\/div>\n\t\t\t\t<div class=\"elementor-element elementor-element-b8ef518 elementor-widget elementor-widget-text-editor\" data-id=\"b8ef518\" data-element_type=\"widget\" data-widget_type=\"text-editor.default\">\n\t\t\t\t<div class=\"elementor-widget-container\">\n\t\t\t\t\t\t\t\t\t<p>Our team believes in the importance of animal welfare and food safety.<\/p>\t\t\t\t\t\t\t\t<\/div>\n\t\t\t\t<\/div>\n\t\t\t\t<div class=\"elementor-element elementor-element-0fc90f8 elementor-invisible elementor-widget elementor-widget-pix-circles\" data-id=\"0fc90f8\" data-element_type=\"widget\" data-widget_type=\"pix-circles.default\">\n\t\t\t\t<div class=\"elementor-widget-container\">\n\t\t\t\t\t<div class=\"pix-circles-elem d-flex flex-column flex-sm-row w-100 justify-content-center justify-content-sm-start\"><div class=\"pix-circles pix-sm-circles d-inline-flex align-items-center align-middle justify-content-center justify-content-sm-start\"><span class=\"align-middle circle-item pix-mr-5 pix-bg-custom animate-in shadow-sm shadow-hover-sm\" data-anim-type=\"fade-in-up\" data-anim-delay=\"200\" data-toggle=\"tooltip\" data-html=\"true\" data-placement=\"bottom\" title=\"Circle\"><img decoding=\"async\" src=\"https:\/\/twinpigs.hu\/wp-content\/uploads\/twinpigs-favicon.png\"   width=\"60\" height=\"60\" class=\"rounded-circle bg-white\" alt=\"\" \/><\/span><\/div><div class=\"pix-ml-5 align-items-center align-items-center d-flex pt-md-0 pt-3 justify-content-center justify-content-sm-start\"><a  href=\"https:\/\/twinpigs.hu\/en\/kapcsolat\/\" class=\"btn m-0      btn-underline-gray-8 d-inline-flex align-items-center pix-hover-item       animate-in btn-lg\"   data-anim-type=\"fade-in-up\" data-anim-delay=\"500\" ><span class=\"font-weight-bold\" >Contacts<\/span><svg class=\"pixfort-icon font-weight-bold  pix-hover-right  ml-2\" width=\"24\" height=\"24\"  data-name=\"Line\/pixfort-icon-arrow-right-2\" viewbox=\"2 2 20 20\"><polyline fill=\"none\" stroke=\"var(--pf-icon-color)\" stroke-linecap=\"round\" stroke-linejoin=\"round\" stroke-width=\"var(--pf-icon-stroke-width)\" points=\"9.5 17 14.5 12 9.5 7\"\/><\/svg><\/a><\/div><\/div>\t\t\t\t<\/div>\n\t\t\t\t<\/div>\n\t\t\t\t\t<\/div>\n\t\t<\/div>\n\t\t\t\t<div class=\"elementor-column elementor-col-50 elementor-top-column elementor-element elementor-element-a26110f\" data-id=\"a26110f\" data-element_type=\"column\">\n\t\t\t<div class=\"elementor-widget-wrap elementor-element-populated\">\n\t\t\t\t\t\t<div class=\"elementor-element elementor-element-d95372e elementor-invisible elementor-widget elementor-widget-pix-photo-stack\" data-id=\"d95372e\" data-element_type=\"widget\" data-widget_type=\"pix-photo-stack.default\">\n\t\t\t\t<div class=\"elementor-widget-container\">\n\t\t\t\t\t<div class=\"pix-photo-stack position-relative w-100 d-inline-block pix-img-2\"><div class=\"img-el\" ><div class=\"w-100 pix-bounce-sm pix-duration-slow\"><div class=\"animate-in d-inline-block w-100\" data-anim-type=\"fade-in-up\" data-anim-delay=\"400\"><div class=\"tilt\"><img fetchpriority=\"high\" decoding=\"async\" width=\"800\" height=\"567\" class=\"rounded-lg shadow-lg shadow-hover-lg scale-sm d-inline-block\" srcset=\"https:\/\/twinpigs.hu\/wp-content\/uploads\/malac-kereskedelem-7a-300x213.jpg 300w, https:\/\/twinpigs.hu\/wp-content\/uploads\/malac-kereskedelem-7a-768x544.jpg 768w, https:\/\/twinpigs.hu\/wp-content\/uploads\/malac-kereskedelem-7a.jpg 800w\" src=\"https:\/\/twinpigs.hu\/wp-content\/uploads\/malac-kereskedelem-7a.jpg\" alt=\"malac kereskedelem\" \/><\/div><\/div><\/div><\/div><div class=\"img-el\" ><div class=\"w-100 pix-bounce-sm pix-duration-slow\"><div class=\"animate-in d-inline-block w-100\" data-anim-type=\"fade-in-up\" data-anim-delay=\"500\"><div class=\"tilt\"><img decoding=\"async\" width=\"800\" height=\"534\" class=\"rounded-lg shadow-lg shadow-hover-lg scale-sm d-inline-block\" srcset=\"https:\/\/twinpigs.hu\/wp-content\/uploads\/malac-kereskedelem-1-300x200.jpg 300w, https:\/\/twinpigs.hu\/wp-content\/uploads\/malac-kereskedelem-1-768x513.jpg 768w, https:\/\/twinpigs.hu\/wp-content\/uploads\/malac-kereskedelem-1.jpg 800w\" src=\"https:\/\/twinpigs.hu\/wp-content\/uploads\/malac-kereskedelem-1.jpg\" alt=\"h\u00edz\u00f3sert\u00e9s kereskedelem\" \/><\/div><\/div><\/div><\/div><\/div>\t\t\t\t<\/div>\n\t\t\t\t<\/div>\n\t\t\t\t\t<\/div>\n\t\t<\/div>\n\t\t\t\t\t<\/div>\n\t\t<\/section>\n\t\t\t\t<section class=\"elementor-section elementor-top-section elementor-element elementor-element-1a8c33f elementor-section-full_width elementor-section-height-default elementor-section-height-default\" data-id=\"1a8c33f\" data-element_type=\"section\">\n\t\t\t\t\t\t<div class=\"elementor-container elementor-column-gap-no\">\n\t\t\t\t\t<div class=\"elementor-column elementor-col-100 elementor-top-column elementor-element elementor-element-24b945c\" data-id=\"24b945c\" data-element_type=\"column\">\n\t\t\t<div class=\"elementor-widget-wrap elementor-element-populated\">\n\t\t\t\t\t\t<div class=\"elementor-element elementor-element-418ddcf elementor-widget elementor-widget-pix-dividers\" data-id=\"418ddcf\" data-element_type=\"widget\" data-widget_type=\"pix-dividers.default\">\n\t\t\t\t<div class=\"elementor-widget-container\">\n\t\t\t\t\t<div class=\"pix-divider  position-relative pix-bottom-divider\" data-style=\"style-8\" ><svg xmlns=\"http:\/\/www.w3.org\/2000\/svg\" width=\"100%\" height=\"300px\" viewbox=\"0 0 1200 366\" preserveaspectratio=\"none\"><polygon class=\"pix-divider-layer-3\" fill=\"url(#divider-pix-accordion-311031-bottom-overlay-layer-3)\" points=\"0 240 1200 0 1200 366 0 366\" \/><polygon class=\"pix-divider-layer-2\" fill=\"url(#divider-pix-accordion-311031-bottom-overlay-layer-2)\" points=\"0 300 1200 60 1200 366 0 366\"  \/><polygon class=\"pix-divider-layer-1\" fill=\"#ffffff\" points=\"0 360 1200 120 1200 366 0 366\"\/><defs><lineargradient id=\"divider-pix-accordion-311031-bottom-overlay-layer-3\" x1=\"0%\" y1=\"0%\" x2=\"100%\" y2=\"0%\"><stop offset=\"0%\"   stop-color=\"#00000014\"\/><stop offset=\"100%\"   stop-color=\"#FFFFFF03\"\/><\/lineargradient><lineargradient id=\"divider-pix-accordion-311031-bottom-overlay-layer-2\" x1=\"0%\" y1=\"0%\" x2=\"100%\" y2=\"0%\"><stop offset=\"0%\"   stop-color=\"#FFFFFF03\"\/><stop offset=\"100%\"   stop-color=\"#FFFFFF03\"\/><\/lineargradient><\/defs><\/svg><\/div>\t\t\t\t<\/div>\n\t\t\t\t<\/div>\n\t\t\t\t\t<\/div>\n\t\t<\/div>\n\t\t\t\t\t<\/div>\n\t\t<\/section>\n\t\t\t\t<section class=\"elementor-section elementor-top-section elementor-element elementor-element-f96ae62 elementor-section-boxed elementor-section-height-default elementor-section-height-default\" data-id=\"f96ae62\" data-element_type=\"section\" data-settings=\"{&quot;background_background&quot;:&quot;classic&quot;}\">\n\t\t\t\t\t\t<div class=\"elementor-container elementor-column-gap-default\">\n\t\t\t\t\t<div class=\"elementor-column elementor-col-100 elementor-top-column elementor-element elementor-element-ccb8786\" data-id=\"ccb8786\" data-element_type=\"column\">\n\t\t\t<div class=\"elementor-widget-wrap elementor-element-populated\">\n\t\t\t\t\t\t<div class=\"elementor-element elementor-element-a0118c1 elementor-widget elementor-widget-pix-card-wide\" data-id=\"a0118c1\" data-element_type=\"widget\" data-widget_type=\"pix-card-wide.default\">\n\t\t\t\t<div class=\"elementor-widget-container\">\n\t\t\t\t\t<div class=\"card rounded-lg overflow-hidden row no-gutters flex-column flex-md-row flex-md-row-reverse    shadow-sm scale-sm\" ><div class=\"flex-column col-md-6\"><img decoding=\"async\" class=\"card-img rounded-0 pix-fit-cover flex-grow-1 h-100\" src=\"https:\/\/twinpigs.hu\/wp-content\/uploads\/sertes-kereskedelem-3.jpg\" alt=\"Min\u0151s\u00e9g, Tapasztalat \u00e9s Egy\u00fcttm\u0171k\u00f6d\u00e9s\" \/><\/div><div class=\"card-body d-flex align-content-between flex-wrap col-md-6 p-lg-5 p-md-5 p-4\"><div class=\"d-flex align-items-start\"><div><h5 style=\"\" class=\"font-weight-bold text-heading-default mb-3\">Quality, Experience and Cooperation<\/h5><\/div><\/div><div class=\"d-flex align-items-end\"><div><p class=\"font-weight-bold text-body-default  text-left mb-0\" >In addition to Hungary, we maintain regular trade relationships with Germany, Denmark, and the Netherlands, allowing us to supply our customers with high-quality animals. The health of the animals and ethical farming practices are of paramount importance to us.<\/p><\/div><\/div><\/div><\/div>\t\t\t\t<\/div>\n\t\t\t\t<\/div>\n\t\t\t\t<div class=\"elementor-element elementor-element-4eff21d elementor-widget elementor-widget-pix-card-wide\" data-id=\"4eff21d\" data-element_type=\"widget\" data-widget_type=\"pix-card-wide.default\">\n\t\t\t\t<div class=\"elementor-widget-container\">\n\t\t\t\t\t<div class=\"card rounded-lg overflow-hidden row no-gutters flex-column flex-md-row flex-md-row-reverse    shadow-sm scale-sm\" ><div class=\"card-body d-flex align-content-between flex-wrap col-md-6 p-lg-5 p-md-5 p-4\"><div class=\"d-flex align-items-start\"><div><h5 style=\"\" class=\"font-weight-bold text-heading-default mb-3\">Efficiency and Flexibility<\/h5><\/div><\/div><div class=\"d-flex align-items-end\"><div><p class=\"font-weight-bold text-body-default  text-left mb-0\" >We employ efficient processes and structures that allow us to respond quickly and effectively to demands. Our flexibility and rapid response times ensure that we always keep up with market changes and our customers' needs.<\/p><\/div><\/div><\/div><div class=\"flex-column col-md-6\"><img decoding=\"async\" class=\"card-img rounded-0 pix-fit-cover flex-grow-1 h-100\" src=\"https:\/\/twinpigs.hu\/wp-content\/uploads\/sertes-kereskedelem-1.jpg\" alt=\"Hat\u00e9konys\u00e1g \u00e9s Rugalmass\u00e1g\" \/><\/div><\/div>\t\t\t\t<\/div>\n\t\t\t\t<\/div>\n\t\t\t\t<div class=\"elementor-element elementor-element-6ee3649 elementor-widget elementor-widget-pix-card-wide\" data-id=\"6ee3649\" data-element_type=\"widget\" data-widget_type=\"pix-card-wide.default\">\n\t\t\t\t<div class=\"elementor-widget-container\">\n\t\t\t\t\t<div class=\"card rounded-lg overflow-hidden row no-gutters flex-column flex-md-row flex-md-row-reverse    shadow-sm scale-sm\" ><div class=\"flex-column col-md-6\"><img decoding=\"async\" class=\"card-img rounded-0 pix-fit-cover flex-grow-1 h-100\" src=\"https:\/\/twinpigs.hu\/wp-content\/uploads\/sertes-kereskedelem-4.jpg\" alt=\"Partners\u00e9g \u00e9s Elk\u00f6telez\u0151d\u00e9s\" \/><\/div><div class=\"card-body d-flex align-content-between flex-wrap col-md-6 p-lg-5 p-md-5 p-4\"><div class=\"d-flex align-items-start\"><div><h5 style=\"\" class=\"font-weight-bold text-heading-default mb-3\">Partnership and Commitment<\/h5><\/div><\/div><div class=\"d-flex align-items-end\"><div><p class=\"font-weight-bold text-body-default  text-left mb-0\" >TwinPigs Ltd. is not seeking one-time transactions but aims to build long-term partnerships. We do our best to ensure that our business relationships are based on mutual benefits. The guarantee of this is our honest work.<\/p><\/div><\/div><\/div><\/div>\t\t\t\t<\/div>\n\t\t\t\t<\/div>\n\t\t\t\t<div class=\"elementor-element elementor-element-10f5717 elementor-widget elementor-widget-pix-card-wide\" data-id=\"10f5717\" data-element_type=\"widget\" data-widget_type=\"pix-card-wide.default\">\n\t\t\t\t<div class=\"elementor-widget-container\">\n\t\t\t\t\t<div class=\"card rounded-lg overflow-hidden row no-gutters flex-column flex-md-row flex-md-row-reverse    shadow-sm scale-sm\" ><div class=\"card-body d-flex align-content-between flex-wrap col-md-6 p-lg-5 p-md-5 p-4\"><div class=\"d-flex align-items-start\"><div><h5 style=\"\" class=\"font-weight-bold text-heading-default mb-3\">Focus and Vision<\/h5><\/div><\/div><div class=\"d-flex align-items-end\"><div><p class=\"font-weight-bold text-body-default  text-left mb-0\" >Our company's core activity is the trade of piglets and slaughter pigs. In the future, we will continue to work on further developing our services to remain one of the key players in the market. Our commitment and experience ensure that you are in the best hands when you choose us.<\/p><\/div><\/div><\/div><div class=\"flex-column col-md-6\"><img decoding=\"async\" class=\"card-img rounded-0 pix-fit-cover flex-grow-1 h-100\" src=\"https:\/\/twinpigs.hu\/wp-content\/uploads\/sertes-kereskedelem-2.jpg\" alt=\"F\u00f3kusz \u00e9s J\u00f6v\u0151k\u00e9p\" \/><\/div><\/div>\t\t\t\t<\/div>\n\t\t\t\t<\/div>\n\t\t\t\t<section class=\"elementor-section elementor-inner-section elementor-element elementor-element-e3ae882 elementor-section-boxed elementor-section-height-default elementor-section-height-default\" data-id=\"e3ae882\" data-element_type=\"section\">\n\t\t\t\t\t\t<div class=\"elementor-container elementor-column-gap-default\">\n\t\t\t\t\t<div class=\"elementor-column elementor-col-100 elementor-inner-column elementor-element elementor-element-6813f2c\" data-id=\"6813f2c\" data-element_type=\"column\">\n\t\t\t<div class=\"elementor-widget-wrap elementor-element-populated\">\n\t\t\t\t\t\t<div class=\"elementor-element elementor-element-457cf79 elementor-widget elementor-widget-pix-button\" data-id=\"457cf79\" data-element_type=\"widget\" data-widget_type=\"pix-button.default\">\n\t\t\t\t<div class=\"elementor-widget-container\">\n\t\t\t\t\t<div class=\"d-block w-100 text-center\"><a  href=\"https:\/\/twinpigs.hu\/en\/kinalat\/\" class=\"btn m-0     shadow-sm btn-secondary d-inline-flex align-items-center pix-hover-item       pix-btn-div btn-lg\"     ><svg class=\"pixfort-icon font-weight-bold  pix-hover-left  mr-2\" width=\"24\" height=\"24\"  data-name=\"Line\/pixfort-icon-list-square-left-2\" viewbox=\"2 2 20 20\"><path fill=\"none\" stroke=\"var(--pf-icon-color)\" stroke-linecap=\"round\" stroke-linejoin=\"round\" stroke-width=\"var(--pf-icon-stroke-width)\" d=\"M4.20000005,3 L8.79999995,3 C9.46274168,3 10,3.53725832 10,4.20000005 L10,8.79999995 C10,9.46274168 9.46274168,10 8.79999995,10 L4.20000005,10 C3.53725832,10 3,9.46274168 3,8.79999995 L3,4.20000005 C3,3.53725832 3.53725832,3 4.20000005,3 Z M14,4 L21,4 M14,8 L18,8 M4.20000005,14 L8.79999995,14 C9.46274168,14 10,14.5372583 10,15.2 L10,19.8 C10,20.4627417 9.46274168,21 8.79999995,21 L4.20000005,21 C3.53725832,21 3,20.4627417 3,19.8 L3,15.2 C3,14.5372583 3.53725832,14 4.20000005,14 Z M14,15 L21,15 M14,19 L18,19\"\/><\/svg><span class=\"font-weight-bold\" >Our Offer<\/span><\/a><\/div>\t\t\t\t<\/div>\n\t\t\t\t<\/div>\n\t\t\t\t\t<\/div>\n\t\t<\/div>\n\t\t\t\t\t<\/div>\n\t\t<\/section>\n\t\t\t\t\t<\/div>\n\t\t<\/div>\n\t\t\t\t\t<\/div>\n\t\t<\/section>\n\t\t\t\t<\/div>","protected":false},"excerpt":{"rendered":"<p>R\u00f3lunk A TwinPigs Kft. a magyar \u00e9s az eur\u00f3pai h\u00edz\u00f3sert\u00e9s \u00e9s malac kereskedelem egyik meghat\u00e1roz\u00f3 szerepl\u0151je C\u00e9lunk, hogy egyre magasabb min\u0151s\u00e9g\u0171 term\u00e9keket k\u00edn\u00e1ljuk \u00fcgyfeleinknek, \u00e9s fenntartsuk a hossz\u00fa t\u00e1v\u00fa \u00fczleti kapcsolatokat. Csapatunk hisz az \u00e1llatj\u00f3l\u00e9t \u00e9s az \u00e9lelmiszerbiztons\u00e1g fontoss\u00e1g\u00e1ban. El\u00e9rhet\u0151s\u00e9gek&#8230;<\/p>","protected":false},"author":1,"featured_media":4548,"parent":0,"menu_order":0,"comment_status":"closed","ping_status":"closed","template":"","meta":{"_seopress_robots_primary_cat":"","_seopress_titles_title":"","_seopress_titles_desc":"","_seopress_robots_index":"","footnotes":""},"class_list":["post-4222","page","type-page","status-publish","has-post-thumbnail","hentry"],"_links":{"self":[{"href":"https:\/\/twinpigs.hu\/en\/wp-json\/wp\/v2\/pages\/4222","targetHints":{"allow":["GET"]}}],"collection":[{"href":"https:\/\/twinpigs.hu\/en\/wp-json\/wp\/v2\/pages"}],"about":[{"href":"https:\/\/twinpigs.hu\/en\/wp-json\/wp\/v2\/types\/page"}],"author":[{"embeddable":true,"href":"https:\/\/twinpigs.hu\/en\/wp-json\/wp\/v2\/users\/1"}],"replies":[{"embeddable":true,"href":"https:\/\/twinpigs.hu\/en\/wp-json\/wp\/v2\/comments?post=4222"}],"version-history":[{"count":0,"href":"https:\/\/twinpigs.hu\/en\/wp-json\/wp\/v2\/pages\/4222\/revisions"}],"wp:featuredmedia":[{"embeddable":true,"href":"https:\/\/twinpigs.hu\/en\/wp-json\/wp\/v2\/media\/4548"}],"wp:attachment":[{"href":"https:\/\/twinpigs.hu\/en\/wp-json\/wp\/v2\/media?parent=4222"}],"curies":[{"name":"wp","href":"https:\/\/api.w.org\/{rel}","templated":true}]}}